{"id":621,"date":"2024-02-19T13:06:15","date_gmt":"2024-02-19T13:06:15","guid":{"rendered":"https:\/\/iass2024.org\/web\/?page_id=621"},"modified":"2024-08-31T21:43:46","modified_gmt":"2024-08-31T21:43:46","slug":"iass-2024-symposium-location","status":"publish","type":"page","link":"https:\/\/iass2024.org\/web\/index.php\/participation\/iass-2024-symposium-location\/","title":{"rendered":"IASS 2024 Location"},"content":{"rendered":"\n<p class=\"has-medium-font-size\"><strong>Z\u00fcrich, ETH H\u00f6nggerberg Campus<\/strong><\/p>\n\n\n\n<figure class=\"wp-block-gallery has-nested-images columns-default is-cropped wp-block-gallery-1 is-layout-flex wp-block-gallery-is-layout-flex\">\n<figure class=\"wp-block-image size-full\"><img loading=\"lazy\" decoding=\"async\" width=\"1860\" height=\"698\" data-id=\"622\" src=\"https:\/\/iass2024.org\/web\/wp-content\/uploads\/2024\/02\/ETH-Hoenggerberg-1.jpeg\" alt=\"\" class=\"wp-image-622\" srcset=\"https:\/\/iass2024.org\/web\/wp-content\/uploads\/2024\/02\/ETH-Hoenggerberg-1.jpeg 1860w, https:\/\/iass2024.org\/web\/wp-content\/uploads\/2024\/02\/ETH-Hoenggerberg-1-300x113.jpeg 300w, https:\/\/iass2024.org\/web\/wp-content\/uploads\/2024\/02\/ETH-Hoenggerberg-1-1024x384.jpeg 1024w\" sizes=\"auto, (max-width: 1860px) 100vw, 1860px\" \/><\/figure>\n<\/figure>\n\n\n\n<div style=\"height:25px\" aria-hidden=\"true\" class=\"wp-block-spacer\"><\/div>\n\n\n\n<p>The IASS 2024 Symposium was hosted in Zurich at the <strong><a href=\"https:\/\/ethz.ch\/en\/campus\/access\/hoenggerberg.html\">ETH H\u00f6nggerberg campus<\/a><\/strong>, located above the city of Zurich. The campus home to the Arch_Tec_Lab, The Robotic Farbrication Lab, and the HIF structures testing hall &#8211; and is <a href=\"https:\/\/www.zvv.ch\/zvv\/en\/fahrplan\/fp.html?tab=connections\">easily reached with public transportation<\/a>. <strong>Buses no.80<\/strong>, <strong>no.69<\/strong>, <strong>no.37<\/strong>, <strong>no.42<\/strong>. See <a href=\"https:\/\/iass2024.org\/web\/index.php\/travel-information\/\">Travel Information<\/a><\/p>\n\n\n\n<p>Download the <strong><a href=\"https:\/\/ethz.ch\/content\/dam\/ethz\/common\/images\/arealplaene\/standortplaene\/ETH_Hoenggerberg_SK_ESG_en_lyt.pdf\">campus map here<\/a><\/strong>.<\/p>\n\n\n\n<figure class=\"wp-block-gallery has-nested-images columns-default is-cropped wp-block-gallery-2 is-layout-flex wp-block-gallery-is-layout-flex\">\n<figure class=\"wp-block-image size-full\"><img loading=\"lazy\" decoding=\"async\" width=\"2555\" height=\"2560\" data-id=\"695\" src=\"https:\/\/iass2024.org\/web\/wp-content\/uploads\/2024\/02\/ETH_Hoenggerberg_Map-scaled.jpg\" alt=\"\" class=\"wp-image-695\" srcset=\"https:\/\/iass2024.org\/web\/wp-content\/uploads\/2024\/02\/ETH_Hoenggerberg_Map-scaled.jpg 2555w, https:\/\/iass2024.org\/web\/wp-content\/uploads\/2024\/02\/ETH_Hoenggerberg_Map-300x300.jpg 300w, https:\/\/iass2024.org\/web\/wp-content\/uploads\/2024\/02\/ETH_Hoenggerberg_Map-1022x1024.jpg 1022w, https:\/\/iass2024.org\/web\/wp-content\/uploads\/2024\/02\/ETH_Hoenggerberg_Map-150x150.jpg 150w, https:\/\/iass2024.org\/web\/wp-content\/uploads\/2024\/02\/ETH_Hoenggerberg_Map-2000x2004.jpg 2000w\" sizes=\"auto, (max-width: 2555px) 100vw, 2555px\" \/><\/figure>\n<\/figure>\n\n\n\n<div style=\"height:75px\" aria-hidden=\"true\" class=\"wp-block-spacer\"><\/div>\n","protected":false},"excerpt":{"rendered":"<p>Z\u00fcrich, ETH H\u00f6nggerberg Campus The IASS 2024 Symposium was hosted in Zurich at the ETH H\u00f6nggerberg campus, located above the city of Zurich. The campus home to the Arch_Tec_Lab, The Robotic Farbrication Lab, and the HIF structures testing hall &#8211; and is easily reached with public transportation. Buses no.80, no.69, no.37, no.42. See Travel Information &hellip; <\/p>\n<p class=\"link-more\"><a href=\"https:\/\/iass2024.org\/web\/index.php\/participation\/iass-2024-symposium-location\/\" class=\"more-link\">Read more<span class=\"screen-reader-text\"> &#8220;IASS 2024 Location&#8221;<\/span><\/a><\/p>\n","protected":false},"author":5,"featured_media":0,"parent":232,"menu_order":0,"comment_status":"closed","ping_status":"closed","template":"","meta":{"inspiro_hide_title":false,"footnotes":""},"class_list":["post-621","page","type-page","status-publish","hentry"],"yoast_head":"<!-- This site is optimized with the Yoast SEO plugin v27.1.1 - https:\/\/yoast.com\/product\/yoast-seo-wordpress\/ -->\n<title>IASS 2024 Location - IASS 2024<\/title>\n<meta name=\"robots\" content=\"index, follow, max-snippet:-1, max-image-preview:large, max-video-preview:-1\" \/>\n<link rel=\"canonical\" href=\"https:\/\/iass2024.org\/web\/index.php\/participation\/iass-2024-symposium-location\/\" \/>\n<meta property=\"og:locale\" content=\"en_GB\" \/>\n<meta property=\"og:type\" content=\"article\" \/>\n<meta property=\"og:title\" content=\"IASS 2024 Location - IASS 2024\" \/>\n<meta property=\"og:description\" content=\"Z\u00fcrich, ETH H\u00f6nggerberg Campus The IASS 2024 Symposium was hosted in Zurich at the ETH H\u00f6nggerberg campus, located above the city of Zurich. The campus home to the Arch_Tec_Lab, The Robotic Farbrication Lab, and the HIF structures testing hall &#8211; and is easily reached with public transportation. Buses no.80, no.69, no.37, no.42. See Travel Information &hellip; Read more &quot;IASS 2024 Location&quot;\" \/>\n<meta property=\"og:url\" content=\"https:\/\/iass2024.org\/web\/index.php\/participation\/iass-2024-symposium-location\/\" \/>\n<meta property=\"og:site_name\" content=\"IASS 2024\" \/>\n<meta property=\"article:modified_time\" content=\"2024-08-31T21:43:46+00:00\" \/>\n<meta property=\"og:image\" content=\"https:\/\/iass2024.org\/web\/wp-content\/uploads\/2024\/02\/ETH-Hoenggerberg-1.jpeg\" \/>\n<meta name=\"twitter:card\" content=\"summary_large_image\" \/>\n<meta name=\"twitter:label1\" content=\"Estimated reading time\" \/>\n\t<meta name=\"twitter:data1\" content=\"1 minute\" \/>\n<script type=\"application\/ld+json\" class=\"yoast-schema-graph\">{\"@context\":\"https:\/\/schema.org\",\"@graph\":[{\"@type\":\"WebPage\",\"@id\":\"https:\/\/iass2024.org\/web\/index.php\/participation\/iass-2024-symposium-location\/\",\"url\":\"https:\/\/iass2024.org\/web\/index.php\/participation\/iass-2024-symposium-location\/\",\"name\":\"IASS 2024 Location - IASS 2024\",\"isPartOf\":{\"@id\":\"https:\/\/iass2024.org\/web\/#website\"},\"primaryImageOfPage\":{\"@id\":\"https:\/\/iass2024.org\/web\/index.php\/participation\/iass-2024-symposium-location\/#primaryimage\"},\"image\":{\"@id\":\"https:\/\/iass2024.org\/web\/index.php\/participation\/iass-2024-symposium-location\/#primaryimage\"},\"thumbnailUrl\":\"https:\/\/iass2024.org\/web\/wp-content\/uploads\/2024\/02\/ETH-Hoenggerberg-1.jpeg\",\"datePublished\":\"2024-02-19T13:06:15+00:00\",\"dateModified\":\"2024-08-31T21:43:46+00:00\",\"breadcrumb\":{\"@id\":\"https:\/\/iass2024.org\/web\/index.php\/participation\/iass-2024-symposium-location\/#breadcrumb\"},\"inLanguage\":\"en-GB\",\"potentialAction\":[{\"@type\":\"ReadAction\",\"target\":[\"https:\/\/iass2024.org\/web\/index.php\/participation\/iass-2024-symposium-location\/\"]}]},{\"@type\":\"ImageObject\",\"inLanguage\":\"en-GB\",\"@id\":\"https:\/\/iass2024.org\/web\/index.php\/participation\/iass-2024-symposium-location\/#primaryimage\",\"url\":\"https:\/\/iass2024.org\/web\/wp-content\/uploads\/2024\/02\/ETH-Hoenggerberg-1.jpeg\",\"contentUrl\":\"https:\/\/iass2024.org\/web\/wp-content\/uploads\/2024\/02\/ETH-Hoenggerberg-1.jpeg\",\"width\":1860,\"height\":698},{\"@type\":\"BreadcrumbList\",\"@id\":\"https:\/\/iass2024.org\/web\/index.php\/participation\/iass-2024-symposium-location\/#breadcrumb\",\"itemListElement\":[{\"@type\":\"ListItem\",\"position\":1,\"name\":\"Home\",\"item\":\"https:\/\/iass2024.org\/web\/\"},{\"@type\":\"ListItem\",\"position\":2,\"name\":\"Participation\",\"item\":\"https:\/\/iass2024.org\/web\/index.php\/participation\/\"},{\"@type\":\"ListItem\",\"position\":3,\"name\":\"IASS 2024 Location\"}]},{\"@type\":\"WebSite\",\"@id\":\"https:\/\/iass2024.org\/web\/#website\",\"url\":\"https:\/\/iass2024.org\/web\/\",\"name\":\"IASS 2024\",\"description\":\"\",\"publisher\":{\"@id\":\"https:\/\/iass2024.org\/web\/#organization\"},\"potentialAction\":[{\"@type\":\"SearchAction\",\"target\":{\"@type\":\"EntryPoint\",\"urlTemplate\":\"https:\/\/iass2024.org\/web\/?s={search_term_string}\"},\"query-input\":{\"@type\":\"PropertyValueSpecification\",\"valueRequired\":true,\"valueName\":\"search_term_string\"}}],\"inLanguage\":\"en-GB\"},{\"@type\":\"Organization\",\"@id\":\"https:\/\/iass2024.org\/web\/#organization\",\"name\":\"IASS 2024\",\"url\":\"https:\/\/iass2024.org\/web\/\",\"logo\":{\"@type\":\"ImageObject\",\"inLanguage\":\"en-GB\",\"@id\":\"https:\/\/iass2024.org\/web\/#\/schema\/logo\/image\/\",\"url\":\"https:\/\/iass2024.org\/web\/wp-content\/uploads\/2023\/10\/IASS_Logo_digital_Bildmarke_lang_4K_weiss_ohne.png\",\"contentUrl\":\"https:\/\/iass2024.org\/web\/wp-content\/uploads\/2023\/10\/IASS_Logo_digital_Bildmarke_lang_4K_weiss_ohne.png\",\"width\":16000,\"height\":5910,\"caption\":\"IASS 2024\"},\"image\":{\"@id\":\"https:\/\/iass2024.org\/web\/#\/schema\/logo\/image\/\"}}]}<\/script>\n<!-- \/ Yoast SEO plugin. -->","yoast_head_json":{"title":"IASS 2024 Location - IASS 2024","robots":{"index":"index","follow":"follow","max-snippet":"max-snippet:-1","max-image-preview":"max-image-preview:large","max-video-preview":"max-video-preview:-1"},"canonical":"https:\/\/iass2024.org\/web\/index.php\/participation\/iass-2024-symposium-location\/","og_locale":"en_GB","og_type":"article","og_title":"IASS 2024 Location - IASS 2024","og_description":"Z\u00fcrich, ETH H\u00f6nggerberg Campus The IASS 2024 Symposium was hosted in Zurich at the ETH H\u00f6nggerberg campus, located above the city of Zurich. The campus home to the Arch_Tec_Lab, The Robotic Farbrication Lab, and the HIF structures testing hall &#8211; and is easily reached with public transportation. Buses no.80, no.69, no.37, no.42. See Travel Information &hellip; Read more \"IASS 2024 Location\"","og_url":"https:\/\/iass2024.org\/web\/index.php\/participation\/iass-2024-symposium-location\/","og_site_name":"IASS 2024","article_modified_time":"2024-08-31T21:43:46+00:00","og_image":[{"url":"https:\/\/iass2024.org\/web\/wp-content\/uploads\/2024\/02\/ETH-Hoenggerberg-1.jpeg","type":"","width":"","height":""}],"twitter_card":"summary_large_image","twitter_misc":{"Estimated reading time":"1 minute"},"schema":{"@context":"https:\/\/schema.org","@graph":[{"@type":"WebPage","@id":"https:\/\/iass2024.org\/web\/index.php\/participation\/iass-2024-symposium-location\/","url":"https:\/\/iass2024.org\/web\/index.php\/participation\/iass-2024-symposium-location\/","name":"IASS 2024 Location - IASS 2024","isPartOf":{"@id":"https:\/\/iass2024.org\/web\/#website"},"primaryImageOfPage":{"@id":"https:\/\/iass2024.org\/web\/index.php\/participation\/iass-2024-symposium-location\/#primaryimage"},"image":{"@id":"https:\/\/iass2024.org\/web\/index.php\/participation\/iass-2024-symposium-location\/#primaryimage"},"thumbnailUrl":"https:\/\/iass2024.org\/web\/wp-content\/uploads\/2024\/02\/ETH-Hoenggerberg-1.jpeg","datePublished":"2024-02-19T13:06:15+00:00","dateModified":"2024-08-31T21:43:46+00:00","breadcrumb":{"@id":"https:\/\/iass2024.org\/web\/index.php\/participation\/iass-2024-symposium-location\/#breadcrumb"},"inLanguage":"en-GB","potentialAction":[{"@type":"ReadAction","target":["https:\/\/iass2024.org\/web\/index.php\/participation\/iass-2024-symposium-location\/"]}]},{"@type":"ImageObject","inLanguage":"en-GB","@id":"https:\/\/iass2024.org\/web\/index.php\/participation\/iass-2024-symposium-location\/#primaryimage","url":"https:\/\/iass2024.org\/web\/wp-content\/uploads\/2024\/02\/ETH-Hoenggerberg-1.jpeg","contentUrl":"https:\/\/iass2024.org\/web\/wp-content\/uploads\/2024\/02\/ETH-Hoenggerberg-1.jpeg","width":1860,"height":698},{"@type":"BreadcrumbList","@id":"https:\/\/iass2024.org\/web\/index.php\/participation\/iass-2024-symposium-location\/#breadcrumb","itemListElement":[{"@type":"ListItem","position":1,"name":"Home","item":"https:\/\/iass2024.org\/web\/"},{"@type":"ListItem","position":2,"name":"Participation","item":"https:\/\/iass2024.org\/web\/index.php\/participation\/"},{"@type":"ListItem","position":3,"name":"IASS 2024 Location"}]},{"@type":"WebSite","@id":"https:\/\/iass2024.org\/web\/#website","url":"https:\/\/iass2024.org\/web\/","name":"IASS 2024","description":"","publisher":{"@id":"https:\/\/iass2024.org\/web\/#organization"},"potentialAction":[{"@type":"SearchAction","target":{"@type":"EntryPoint","urlTemplate":"https:\/\/iass2024.org\/web\/?s={search_term_string}"},"query-input":{"@type":"PropertyValueSpecification","valueRequired":true,"valueName":"search_term_string"}}],"inLanguage":"en-GB"},{"@type":"Organization","@id":"https:\/\/iass2024.org\/web\/#organization","name":"IASS 2024","url":"https:\/\/iass2024.org\/web\/","logo":{"@type":"ImageObject","inLanguage":"en-GB","@id":"https:\/\/iass2024.org\/web\/#\/schema\/logo\/image\/","url":"https:\/\/iass2024.org\/web\/wp-content\/uploads\/2023\/10\/IASS_Logo_digital_Bildmarke_lang_4K_weiss_ohne.png","contentUrl":"https:\/\/iass2024.org\/web\/wp-content\/uploads\/2023\/10\/IASS_Logo_digital_Bildmarke_lang_4K_weiss_ohne.png","width":16000,"height":5910,"caption":"IASS 2024"},"image":{"@id":"https:\/\/iass2024.org\/web\/#\/schema\/logo\/image\/"}}]}},"_links":{"self":[{"href":"https:\/\/iass2024.org\/web\/index.php\/wp-json\/wp\/v2\/pages\/621","targetHints":{"allow":["GET"]}}],"collection":[{"href":"https:\/\/iass2024.org\/web\/index.php\/wp-json\/wp\/v2\/pages"}],"about":[{"href":"https:\/\/iass2024.org\/web\/index.php\/wp-json\/wp\/v2\/types\/page"}],"author":[{"embeddable":true,"href":"https:\/\/iass2024.org\/web\/index.php\/wp-json\/wp\/v2\/users\/5"}],"replies":[{"embeddable":true,"href":"https:\/\/iass2024.org\/web\/index.php\/wp-json\/wp\/v2\/comments?post=621"}],"version-history":[{"count":11,"href":"https:\/\/iass2024.org\/web\/index.php\/wp-json\/wp\/v2\/pages\/621\/revisions"}],"predecessor-version":[{"id":2004,"href":"https:\/\/iass2024.org\/web\/index.php\/wp-json\/wp\/v2\/pages\/621\/revisions\/2004"}],"up":[{"embeddable":true,"href":"https:\/\/iass2024.org\/web\/index.php\/wp-json\/wp\/v2\/pages\/232"}],"wp:attachment":[{"href":"https:\/\/iass2024.org\/web\/index.php\/wp-json\/wp\/v2\/media?parent=621"}],"curies":[{"name":"wp","href":"https:\/\/api.w.org\/{rel}","templated":true}]}}